{"id":238,"date":"2023-02-06T09:48:21","date_gmt":"2023-02-06T09:48:21","guid":{"rendered":"https:\/\/developer.shyamfuture.in\/Itsc-new\/?page_id=238"},"modified":"2023-11-20T22:50:36","modified_gmt":"2023-11-20T22:50:36","slug":"company-history","status":"publish","type":"page","link":"https:\/\/www.connectaload.com\/es\/company-history\/","title":{"rendered":"Company History"},"content":{"rendered":"<h6>Connect A Load\u00a0 LLC<\/h6>\n<h5>Nuestra historia en la industria de la construcci\u00f3n<\/h5>\n<p>Los cimientos de Connect A Load se basan en una profunda admiraci\u00f3n por las peque\u00f1as empresas de transporte que se alojan cerca del coraz\u00f3n del equipo directivo de Connect A Load. El aroma del di\u00e9sel, las reparaciones de veh\u00edculos a mano propia y las aventuras a destinos lejanos, son experiencias que resuenan con los valores fundamentales de Connect A Load. Estas experiencias definen nuestra identidad y nos capacitan para abordar de manera proactiva el cambiante panorama de la industria del transporte a nivel m\u00e1s amplio.<\/p>\n","protected":false},"excerpt":{"rendered":"<p>Connect A Load\u00a0 LLC Nuestra historia en la industria de la construcci\u00f3n Los cimientos de Connect A Load se basan en una profunda admiraci\u00f3n por las peque\u00f1as empresas de transporte que se alojan cerca del coraz\u00f3n del equipo directivo de Connect A Load. El aroma del di\u00e9sel, las reparaciones de veh\u00edculos a mano propia y &hellip; <\/p>\n<p class=\"link-more\"><a href=\"https:\/\/www.connectaload.com\/es\/company-history\/\" class=\"more-link\">Continue reading<span class=\"screen-reader-text\"> &#8220;Company History&#8221;<\/span><\/a><\/p>\n","protected":false},"author":1,"featured_media":642,"parent":0,"menu_order":0,"comment_status":"closed","ping_status":"closed","template":"company-history.php","meta":{"inline_featured_image":false},"translation":{"provider":"WPGlobus","version":"2.10.9","language":"es","enabled_languages":["en","es"],"languages":{"en":{"title":true,"content":true,"excerpt":false},"es":{"title":false,"content":true,"excerpt":false}}},"acf":[],"_links":{"self":[{"href":"https:\/\/www.connectaload.com\/es\/wp-json\/wp\/v2\/pages\/238"}],"collection":[{"href":"https:\/\/www.connectaload.com\/es\/wp-json\/wp\/v2\/pages"}],"about":[{"href":"https:\/\/www.connectaload.com\/es\/wp-json\/wp\/v2\/types\/page"}],"author":[{"embeddable":true,"href":"https:\/\/www.connectaload.com\/es\/wp-json\/wp\/v2\/users\/1"}],"replies":[{"embeddable":true,"href":"https:\/\/www.connectaload.com\/es\/wp-json\/wp\/v2\/comments?post=238"}],"version-history":[{"count":20,"href":"https:\/\/www.connectaload.com\/es\/wp-json\/wp\/v2\/pages\/238\/revisions"}],"predecessor-version":[{"id":775,"href":"https:\/\/www.connectaload.com\/es\/wp-json\/wp\/v2\/pages\/238\/revisions\/775"}],"wp:featuredmedia":[{"embeddable":true,"href":"https:\/\/www.connectaload.com\/es\/wp-json\/wp\/v2\/media\/642"}],"wp:attachment":[{"href":"https:\/\/www.connectaload.com\/es\/wp-json\/wp\/v2\/media?parent=238"}],"curies":[{"name":"wp","href":"https:\/\/api.w.org\/{rel}","templated":true}]}}